{"id":74,"date":"2024-06-01T23:16:22","date_gmt":"2024-06-01T21:16:22","guid":{"rendered":"http:\/\/onceksolidarianaquera.org\/?page_id=74"},"modified":"2026-03-30T11:39:27","modified_gmt":"2026-03-30T09:39:27","slug":"la-asociacion","status":"publish","type":"page","link":"https:\/\/onceksolidarianaquera.org\/?page_id=74","title":{"rendered":"La Asociaci\u00f3n"},"content":{"rendered":"\n<h3 class=\"wp-block-heading\"><strong>Asociaci\u00f3n sin \u00e1nimo de lucro<\/strong><\/h3>\n\n\n\n<p>La Asociaci\u00f3n \u00ab11k solidaria N\u00e1quera\u00bb nace del deseo de un grupo de personas, pr\u00f3ximas al running, de promover el deporte sano y saludable, integrando a todas las edades, independientemente del nivel de carrera de cada uno, y con el objetivo de materializarlo en un evento deportivo en el que se incluye una carrera de 11 kil\u00f3metros, una marcha de 5 km, y una serie de pruebas de diferentes distancias para los mas \u00abpeques\u00bb&#8230; y todo ello con el aliciente de ser un evento \u00absolidario\u00bb. <\/p>\n\n\n\n<p>Desde un primer momento, el fin \u00faltimo de la Asociaci\u00f3n ha sido con el aspecto deportivo, el colaborar con los m\u00e1s necesitados, y por ello, en cada edici\u00f3n se ha elegido a una Asociaci\u00f3n\/ONG a la que entregarle los beneficios del evento, as\u00ed como los productos y alimentos no perecederos que se recojan.<\/p>\n\n\n\n<p>En esta ocasi\u00f3n, los beneficios, productos y alimentos ser\u00e1n entregados a la Fundaci\u00f3n \u00abBanco de Alimentos de Valencia\u00bb.<\/p>\n\n\n\n<p><\/p>\n","protected":false},"excerpt":{"rendered":"<p>Asociaci\u00f3n sin \u00e1nimo de lucro La Asociaci\u00f3n \u00ab11k solidaria N\u00e1quera\u00bb nace del deseo de un grupo de personas, pr\u00f3ximas al running, de promover el deporte sano y saludable, integrando a todas las edades, independientemente del nivel de carrera de cada uno, y con el objetivo de materializarlo en un evento deportivo en el que se [&hellip;]<\/p>\n","protected":false},"author":3,"featured_media":0,"parent":0,"menu_order":0,"comment_status":"closed","ping_status":"open","template":"blank","meta":{"footnotes":""},"class_list":["post-74","page","type-page","status-publish","hentry"],"_links":{"self":[{"href":"https:\/\/onceksolidarianaquera.org\/index.php?rest_route=\/wp\/v2\/pages\/74","targetHints":{"allow":["GET"]}}],"collection":[{"href":"https:\/\/onceksolidarianaquera.org\/index.php?rest_route=\/wp\/v2\/pages"}],"about":[{"href":"https:\/\/onceksolidarianaquera.org\/index.php?rest_route=\/wp\/v2\/types\/page"}],"author":[{"embeddable":true,"href":"https:\/\/onceksolidarianaquera.org\/index.php?rest_route=\/wp\/v2\/users\/3"}],"replies":[{"embeddable":true,"href":"https:\/\/onceksolidarianaquera.org\/index.php?rest_route=%2Fwp%2Fv2%2Fcomments&post=74"}],"version-history":[{"count":4,"href":"https:\/\/onceksolidarianaquera.org\/index.php?rest_route=\/wp\/v2\/pages\/74\/revisions"}],"predecessor-version":[{"id":150,"href":"https:\/\/onceksolidarianaquera.org\/index.php?rest_route=\/wp\/v2\/pages\/74\/revisions\/150"}],"wp:attachment":[{"href":"https:\/\/onceksolidarianaquera.org\/index.php?rest_route=%2Fwp%2Fv2%2Fmedia&parent=74"}],"curies":[{"name":"wp","href":"https:\/\/api.w.org\/{rel}","templated":true}]}}